{"id":1862,"date":"2025-10-02T10:38:55","date_gmt":"2025-10-02T10:38:55","guid":{"rendered":"https:\/\/lindenapo-paf.de\/?page_id=1862"},"modified":"2026-01-26T14:24:43","modified_gmt":"2026-01-26T14:24:43","slug":"seminare-kurse-vortraege","status":"publish","type":"page","link":"https:\/\/lindenapo-paf.de\/?page_id=1862","title":{"rendered":"Seminare, Kurse &amp; Vortr\u00e4ge"},"content":{"rendered":"\n<p>Hier gibt es eine \u00dcbersicht der n\u00e4chsten Kurse und Veranstaltungen. Bei allen Terminen ist eine verbindliche Anmeldung\u00a0<a href=\"mailto:info@lindenapo-paf.de\">per Mail an info@lindenapo-paf.de<\/a>\u00a0mit Angabe von Namen und Telefonnummer erforderlich.<\/p>\n\n\n\n<h3 class=\"wp-block-heading\"><strong>Workshop: &#8220;Zwei alte Hausmittel selbst gemacht\u201c <\/strong><\/h3>\n\n\n\n<p>In diesem Workshop stellen wir als Erg\u00e4nzung zum Vortrag \u201eB\u00e4ume als Heilmittel\u201c, gemeinsam einen vielseitig einsetzbaren Franzbranntwein und nach einem Jahrhunderte alten Rezept eine Pappelsalbe her. Wir lernen dabei die Wirkstoffe der Pflanzen kennen, und erfahren, wie sie richtig verarbeitet und angewendet werden.<br><strong>Termin: <\/strong>14. Februar, 9.30 Uhr bis ca. 13.00 Uhr<br><strong>Ort:<\/strong> Kr\u00e4utertreff Andre im Fasanenweg 2 in Paunzhausen<br><strong>Referent:<\/strong> Roland Andre<br><strong>Kosten:<\/strong> 50 Euro (inkl. Materialkosten und Getr\u00e4nken)<\/p>\n\n\n\n<hr class=\"wp-block-separator has-alpha-channel-opacity\"\/>\n\n\n\n<h3 class=\"wp-block-heading\"><strong><strong>Kr\u00e4uterwanderung: &#8220;Den Fr\u00fchling begr\u00fc\u00dfen im Weltwald Freising&#8221;<\/strong><\/strong><\/h3>\n\n\n\n<p>Bei unserer Exkursion in den Weltwald besuchen wir immergr\u00fcne B\u00e4ume, unter anderem Lebensbaum, Stechpalme und Tanne (einschlie\u00dflich ihrer Misteln) und erleben dort das L\u00f6sen von der Winterstarre. Dem Erwachen der Fr\u00fchlingskr\u00e4fte widmen wir uns bei Ulme, Pappel, Esche und vielen weiteren B\u00e4umen. Ihre besonderen Heilkr\u00e4fte werden wir besprechen und deren Anwendungen kennenlernen.<br><strong>Termin: <\/strong>Samstag, 21. M\u00e4rz von 13.00 bis ca. 16.30 Uhr<br><strong>Ort:<\/strong> Weltwald Freising (mehr Informationen nach Anmeldung)<br><strong>Referenten:<\/strong> B\u00e4rbel und Roland Andre <br><strong>Kosten: <\/strong>35 Euro<\/p>\n\n\n\n<hr class=\"wp-block-separator has-alpha-channel-opacity\"\/>\n\n\n\n<h3 class=\"wp-block-heading\"><strong><strong><strong>Workshop: Hom\u00f6opathie selbst herstellen <\/strong><\/strong><\/strong><\/h3>\n\n\n\n<p>In diesem praxisnahen Workshop lernen wir die Grundlagen der hom\u00f6opathischen Herstellung kennen. Gemeinsam stellen wir je eine hom\u00f6opathische Verreibung und Globuli her und erhalten Einblick in die dahinterliegenden Prinzipien. <br><strong>Termin:<\/strong> Samstag, 28. M\u00e4rz von 9.30 bis ca. 13 Uhr<br><strong>Ort:<\/strong> Kr\u00e4utertreff Andre, Paunzhausen, Fasanenweg 2 <br><strong>Referent:<\/strong> Roland Andre<br><strong>Kosten:<\/strong> 50 Euro (inkl. Materialkosten und Getr\u00e4nken)<\/p>\n\n\n\n<hr class=\"wp-block-separator has-alpha-channel-opacity\"\/>\n\n\n\n<h3 class=\"wp-block-heading\"><strong>Exkursion: \u201eOsterwasser und Pulsatilla\u201c<\/strong><\/h3>\n\n\n\n<p>Wir lernen die besonderen Kr\u00e4fte der ersten Pflanzen des Jahres und des Wassers zur Osterzeit kennen. Entlang eines wundersch\u00f6nen 5 km langen Rundwegs besuchen wir uralte Kultpl\u00e4tze und erkunden Fr\u00fchjahrsbl\u00fcher, wie Pulsatilla, Schl\u00fcsselblume und Haselwurz. An der Sebastiansquelle widmen wir uns der Mystik und der Heilkraft des Wassers. <br><strong>Termin:<\/strong> Samstag, 4. April von 10 bis ca. 17 Uhr<br><strong>Ort: <\/strong>Sebastiansquelle in Breitenbrunn (mehr Informationen nach Anmeldung)<br><strong>Referenten:<\/strong> B\u00e4rbel und Roland Andre <br><strong>Kosten:<\/strong> 60 Euro<\/p>\n\n\n\n<hr class=\"wp-block-separator has-alpha-channel-opacity\"\/>\n\n\n\n<h3 class=\"wp-block-heading\"><strong><strong>Exkursion ins \u201eWacholdertal\u201c und zur \u201e1000-j\u00e4hrigen Ottersdorfer Eiche\u201c<\/strong><\/strong><\/h3>\n\n\n\n<p>Bei dieser ca. 5 km langen Rundtour besuchen wir unter anderen die \u201e1000-j\u00e4hrige Eiche von Ottersdorf\u201c, einen besonders imposanten Baumriesen mit \u00fcber 8 Meter Stammumfang. Auf dem Weg begleiten uns immer wieder verwunschene Holunder und die Magie alter Wacholder. Im artenreichen Wacholdertal werden wir die typischen Fr\u00fchjahrsbl\u00fcher kennenlernen sowie ihre Signaturen und heilenden Eigenschaften besprechen. Einblicke in die geomantischen Eigenschaften dieser au\u00dfergew\u00f6hnlichen Landschaft runden diesen Tag ab.<br><strong>Termin: <\/strong>25. April, 10 bis ca. 17 Uhr<br><strong>Ort:<\/strong> Ottersdorf bei Altmannstein (mehr Informationen nach Anmeldung)<br><strong>Referenten:<\/strong> B\u00e4rbel und Roland Andre <br><strong>Kosten: <\/strong>60 Euro<\/p>\n\n\n\n<hr class=\"wp-block-separator has-alpha-channel-opacity\"\/>\n\n\n\n<h3 class=\"wp-block-heading\"><strong><strong><strong>Exkursion: Ein ganzer Tag im Weltwald Freising<\/strong><\/strong><\/strong><\/h3>\n\n\n\n<p>An diesem Tag besuchen wir zahlreiche botanische Highlights sowie das sehr alte Kirchlein von Oberberghausen und befassen uns zudem mit der besonderen Flora des faszinierenden, angrenzenden Friedhofs.<br><strong>Termin: <\/strong>Samstag, 13. Juni von 10 bis ca. 17 Uhr<br><strong>Ort:<\/strong> Weltwald Freising (mehr Informationen nach Anmeldung)<br><strong>Referenten:<\/strong> B\u00e4rbel und Roland Andre<br><strong>Kosten: <\/strong>60 Euro<\/p>\n\n\n\n<hr class=\"wp-block-separator has-alpha-channel-opacity\"\/>\n\n\n\n<h3 class=\"wp-block-heading\"><strong><strong><strong><strong>Offene Astrologiegruppe<\/strong><\/strong><\/strong><\/strong><\/h3>\n\n\n\n<p>In einer offenen Gruppe wollen wir uns mit astrologischen Lebensfragen besch\u00e4ftigten.<br><strong>Termine:<\/strong> 6. Februar, 20. Februar, 6. M\u00e4rz, 20. M\u00e4rz, 10. April, 24. April<br><strong>Uhrzeit:<\/strong> 19 Uhr <br><strong>Kursleitung:<\/strong> B\u00e4rbel Andre<\/p>\n\n\n\n<hr class=\"wp-block-separator has-alpha-channel-opacity\"\/>\n\n\n\n<p><\/p>\n","protected":false},"excerpt":{"rendered":"<p>Hier gibt es eine \u00dcbersicht der n\u00e4chsten Kurse und Veranstaltungen. Bei allen Terminen ist eine verbindliche Anmeldung\u00a0per Mail an info@lindenapo-paf.de\u00a0mit Angabe von Namen und Telefonnummer erforderlich. Workshop: &#8220;Zwei alte Hausmittel selbst gemacht\u201c In diesem Workshop stellen wir als Erg\u00e4nzung zum Vortrag \u201eB\u00e4ume als Heilmittel\u201c, gemeinsam einen vielseitig einsetzbaren Franzbranntwein und nach einem Jahrhunderte alten Rezept [&hellip;]<\/p>\n","protected":false},"author":1,"featured_media":0,"parent":0,"menu_order":0,"comment_status":"closed","ping_status":"closed","template":"","meta":{"footnotes":""},"class_list":["post-1862","page","type-page","status-publish","hentry"],"_links":{"self":[{"href":"https:\/\/lindenapo-paf.de\/index.php?rest_route=\/wp\/v2\/pages\/1862","targetHints":{"allow":["GET"]}}],"collection":[{"href":"https:\/\/lindenapo-paf.de\/index.php?rest_route=\/wp\/v2\/pages"}],"about":[{"href":"https:\/\/lindenapo-paf.de\/index.php?rest_route=\/wp\/v2\/types\/page"}],"author":[{"embeddable":true,"href":"https:\/\/lindenapo-paf.de\/index.php?rest_route=\/wp\/v2\/users\/1"}],"replies":[{"embeddable":true,"href":"https:\/\/lindenapo-paf.de\/index.php?rest_route=%2Fwp%2Fv2%2Fcomments&post=1862"}],"version-history":[{"count":24,"href":"https:\/\/lindenapo-paf.de\/index.php?rest_route=\/wp\/v2\/pages\/1862\/revisions"}],"predecessor-version":[{"id":1924,"href":"https:\/\/lindenapo-paf.de\/index.php?rest_route=\/wp\/v2\/pages\/1862\/revisions\/1924"}],"wp:attachment":[{"href":"https:\/\/lindenapo-paf.de\/index.php?rest_route=%2Fwp%2Fv2%2Fmedia&parent=1862"}],"curies":[{"name":"wp","href":"https:\/\/api.w.org\/{rel}","templated":true}]}}